{"id":381,"date":"2022-06-09T22:01:22","date_gmt":"2022-06-09T20:01:22","guid":{"rendered":"https:\/\/www.verlustsache.de\/?page_id=381"},"modified":"2026-04-29T10:22:07","modified_gmt":"2026-04-29T08:22:07","slug":"impressum","status":"publish","type":"page","link":"https:\/\/www.verlustsache.de\/fr\/impressum\/","title":{"rendered":"Mentions l\u00e9gales"},"content":{"rendered":"<div data-elementor-type=\"wp-page\" data-elementor-id=\"381\" class=\"elementor elementor-381\" data-elementor-post-type=\"page\">\n\t\t\t\t<div class=\"elementor-element elementor-element-60d5700d e-flex e-con-boxed e-con e-parent\" data-id=\"60d5700d\" data-element_type=\"container\" data-e-type=\"container\">\n\t\t\t\t\t<div class=\"e-con-inner\">\n\t\t\t\t<div class=\"elementor-element elementor-element-b37a938 elementor-widget elementor-widget-heading\" data-id=\"b37a938\" data-element_type=\"widget\" data-e-type=\"widget\" data-widget_type=\"heading.default\">\n\t\t\t\t<div class=\"elementor-widget-container\">\n\t\t\t\t\t<h1 class=\"elementor-heading-title elementor-size-default\">Mentions l\u00e9gales<\/h1>\t\t\t\t<\/div>\n\t\t\t\t<\/div>\n\t\t<div class=\"elementor-element elementor-element-8d07078 e-con-full e-flex e-con e-child\" data-id=\"8d07078\" data-element_type=\"container\" data-e-type=\"container\">\n\t\t\t\t<div class=\"elementor-element elementor-element-3fcc696d elementor-widget__width-initial elementor-widget-mobile__width-inherit elementor-widget elementor-widget-text-editor\" data-id=\"3fcc696d\" data-element_type=\"widget\" data-e-type=\"widget\" data-widget_type=\"text-editor.default\">\n\t\t\t\t<div class=\"elementor-widget-container\">\n\t\t\t\t\t\t\t\t\t\n<p><strong>RUBICON IT GmbH<\/strong><\/p>\n\n<p>Gonzagagasse 16<br \/>1010 Vienne<br \/>Autriche<\/p>\n\n<p>E-Mail:\u00a0<a href=\"mailto:contact@nova-find.eu\">contact@nova-find.eu<\/a><\/p>\n\n<p>Firmenbuchnummer: 615231b<br \/>Tribunal de commerce: Handelsgericht Wien<br \/>UID: ATU80745589<\/p>\n\t\t\t\t\t\t\t\t<\/div>\n\t\t\t\t<\/div>\n\t\t<div class=\"elementor-element elementor-element-b9b29f7 e-con-full e-flex e-con e-child\" data-id=\"b9b29f7\" data-element_type=\"container\" data-e-type=\"container\">\n\t\t\t\t<div class=\"elementor-element elementor-element-ab2a08c elementor-widget elementor-widget-heading\" data-id=\"ab2a08c\" data-element_type=\"widget\" data-e-type=\"widget\" data-widget_type=\"heading.default\">\n\t\t\t\t<div class=\"elementor-widget-container\">\n\t\t\t\t\t<h2 class=\"elementor-heading-title elementor-size-default\">Vous avez une question?<\/h2>\t\t\t\t<\/div>\n\t\t\t\t<\/div>\n\t\t\t\t<div class=\"elementor-element elementor-element-2927e9c elementor-widget elementor-widget-text-editor\" data-id=\"2927e9c\" data-element_type=\"widget\" data-e-type=\"widget\" data-widget_type=\"text-editor.default\">\n\t\t\t\t<div class=\"elementor-widget-container\">\n\t\t\t\t\t\t\t\t\t<p>La r\u00e9ponse \u00e0 votre question a peut-\u00eatre d\u00e9j\u00e0 \u00e9t\u00e9 donn\u00e9e ici :\u00a0<\/p>\t\t\t\t\t\t\t\t<\/div>\n\t\t\t\t<\/div>\n\t\t\t\t<div class=\"elementor-element elementor-element-ac3bb88 elementor-align-left elementor-widget elementor-widget-button\" data-id=\"ac3bb88\" data-element_type=\"widget\" data-e-type=\"widget\" data-widget_type=\"button.default\">\n\t\t\t\t<div class=\"elementor-widget-container\">\n\t\t\t\t\t\t\t\t\t<div class=\"elementor-button-wrapper\">\n\t\t\t\t\t<a class=\"elementor-button elementor-button-link elementor-size-sm\" href=\"https:\/\/www.verlustsache.de\/fr\/faq\/\">\n\t\t\t\t\t\t<span class=\"elementor-button-content-wrapper\">\n\t\t\t\t\t\t\t\t\t<span class=\"elementor-button-text\">Lire la FAQ<\/span>\n\t\t\t\t\t<\/span>\n\t\t\t\t\t<\/a>\n\t\t\t\t<\/div>\n\t\t\t\t\t\t\t\t<\/div>\n\t\t\t\t<\/div>\n\t\t\t\t<\/div>\n\t\t\t\t<\/div>\n\t\t\t\t\t<\/div>\n\t\t\t\t<\/div>\n\t\t\t\t<\/div>","protected":false},"excerpt":{"rendered":"<p>Impressum RUBICON IT GmbH Gonzagagasse 161010 Wien\u00d6sterreich E-Mail:\u00a0contact@nova-find.eu Firmenbuchnummer: 615231bFirmenbuchgericht: Handelsgericht WienUID: ATU80745589 Sie haben eine Frage? Vielleicht wurde Ihre Frage schon hier beantwortet:\u00a0 FAQs lesen<\/p>","protected":false},"author":1,"featured_media":0,"parent":0,"menu_order":0,"comment_status":"closed","ping_status":"closed","template":"","meta":{"footnotes":""},"class_list":["post-381","page","type-page","status-publish","hentry"],"_links":{"self":[{"href":"https:\/\/www.verlustsache.de\/fr\/wp-json\/wp\/v2\/pages\/381","targetHints":{"allow":["GET"]}}],"collection":[{"href":"https:\/\/www.verlustsache.de\/fr\/wp-json\/wp\/v2\/pages"}],"about":[{"href":"https:\/\/www.verlustsache.de\/fr\/wp-json\/wp\/v2\/types\/page"}],"author":[{"embeddable":true,"href":"https:\/\/www.verlustsache.de\/fr\/wp-json\/wp\/v2\/users\/1"}],"replies":[{"embeddable":true,"href":"https:\/\/www.verlustsache.de\/fr\/wp-json\/wp\/v2\/comments?post=381"}],"version-history":[{"count":19,"href":"https:\/\/www.verlustsache.de\/fr\/wp-json\/wp\/v2\/pages\/381\/revisions"}],"predecessor-version":[{"id":1462,"href":"https:\/\/www.verlustsache.de\/fr\/wp-json\/wp\/v2\/pages\/381\/revisions\/1462"}],"wp:attachment":[{"href":"https:\/\/www.verlustsache.de\/fr\/wp-json\/wp\/v2\/media?parent=381"}],"curies":[{"name":"wp","href":"https:\/\/api.w.org\/{rel}","templated":true}]}}